{"id":8,"date":"2023-11-09T18:09:24","date_gmt":"2023-11-09T21:09:24","guid":{"rendered":"https:\/\/www.redear.com.br\/loja\/?page_id=8"},"modified":"2023-11-09T21:08:35","modified_gmt":"2023-11-10T00:08:35","slug":"contato","status":"publish","type":"page","link":"https:\/\/www.redear.com.br\/loja\/contato\/","title":{"rendered":"Contato"},"content":{"rendered":"<p>Nosso Hor\u00e1rio de Atendimento \u00e9:<br \/>\nSegunda \u00e0 Sexta-Feira: das 08:00 \u00e0s 17:00hs<\/p>\n<div data-test='contact-form' id='contact-form-8' class='wp-block-jetpack-contact-form-container '>\n<form action='https:\/\/www.redear.com.br\/loja\/contato\/#contact-form-8' method='post' class='contact-form commentsblock'>\n<script>\n\t\t\t( function () {\n\t\t\t\tconst contact_forms = document.getElementsByClassName('contact-form');\n\n\t\t\t\tfor ( const form of contact_forms ) {\n\t\t\t\t\tform.onsubmit = function() {\n\t\t\t\t\t\tconst buttons = form.getElementsByTagName('button');\n\n\t\t\t\t\t\tfor( const button of buttons ) {\n\t\t\t\t\t\t\tbutton.setAttribute('disabled', true);\n\t\t\t\t\t\t}\n\t\t\t\t\t}\n\t\t\t\t}\n\t\t\t} )();\n\t\t<\/script>\n<div style=\"\" class='grunion-field-name-wrap grunion-field-wrap'  >\n<label\n\t\t\t\tfor='g8-nome'\n\t\t\t\tclass='grunion-field-label name'>Nome<span class=\"grunion-label-required\">(obrigat\u00f3rio)<\/span><\/label>\n<input\n\t\t\t\t\ttype='text'\n\t\t\t\t\tname='g8-nome'\n\t\t\t\t\tid='g8-nome'\n\t\t\t\t\tvalue=''\n\t\t\t\t\tclass='name  grunion-field' \n\t\t\t\t\trequired aria-required='true' \/>\n\t<\/div>\n\n<div style=\"\" class='grunion-field-email-wrap grunion-field-wrap'  >\n<label\n\t\t\t\tfor='g8-email'\n\t\t\t\tclass='grunion-field-label email'>E-mail<span class=\"grunion-label-required\">(obrigat\u00f3rio)<\/span><\/label>\n<input\n\t\t\t\t\ttype='email'\n\t\t\t\t\tname='g8-email'\n\t\t\t\t\tid='g8-email'\n\t\t\t\t\tvalue=''\n\t\t\t\t\tclass='email  grunion-field' \n\t\t\t\t\trequired aria-required='true' \/>\n\t<\/div>\n\n<div style=\"\" class='grunion-field-url-wrap grunion-field-wrap'  >\n<label\n\t\t\t\tfor='g8-site'\n\t\t\t\tclass='grunion-field-label url'>Site<\/label>\n<input\n\t\t\t\t\ttype='text'\n\t\t\t\t\tname='g8-site'\n\t\t\t\t\tid='g8-site'\n\t\t\t\t\tvalue=''\n\t\t\t\t\tclass='url  grunion-field' \n\t\t\t\t\ttitle=\"Digite um URL v\u00e1lido - https:\/\/www.exemplo.com\" oninvalid=\"setCustomValidity(&quot;Digite um URL v\u00e1lido - https:\/\/www.exemplo.com&quot;)\" oninput=\"setCustomValidity(&quot;&quot;)\" pattern=\"(([:\\\/a-zA-Z0-9_\\-]+)?(\\.[a-zA-Z0-9_\\-\\\/]+)+)\" data-type-override=\"url\"  \/>\n\t<\/div>\n\n<div style=\"\" class='grunion-field-textarea-wrap grunion-field-wrap'  >\n<label\n\t\t\t\tfor='contact-form-comment-g8-mensagem'\n\t\t\t\tclass='grunion-field-label textarea'>Mensagem<\/label>\n<textarea\n\t\t                style=''\n\t\t                name='g8-mensagem'\n\t\t                id='contact-form-comment-g8-mensagem'\n\t\t                rows='20' class='textarea  grunion-field'  ><\/textarea>\n\t<\/div>\n\t<p class='contact-submit'>\n\t\t<button type='submit' class='pushbutton-wide'>Enviar<\/button>\t\t<input type='hidden' name='contact-form-id' value='8' \/>\n\t\t<input type='hidden' name='action' value='grunion-contact-form' \/>\n\t\t<input type='hidden' name='contact-form-hash' value='d2026a55bd85761911cb5e0a039ad2831f33512c' \/>\n\t<\/p>\n<\/form>\n<\/div>\n","protected":false},"excerpt":{"rendered":"<p>Nosso Hor\u00e1rio de Atendimento \u00e9: Segunda \u00e0 Sexta-Feira: das 08:00 \u00e0s 17:00hs<\/p>\n","protected":false},"author":1,"featured_media":0,"parent":0,"menu_order":0,"comment_status":"closed","ping_status":"closed","template":"","meta":{"footnotes":""},"class_list":["post-8","page","type-page","status-publish","hentry"],"aioseo_notices":[],"jetpack_sharing_enabled":true,"_links":{"self":[{"href":"https:\/\/www.redear.com.br\/loja\/wp-json\/wp\/v2\/pages\/8","targetHints":{"allow":["GET"]}}],"collection":[{"href":"https:\/\/www.redear.com.br\/loja\/wp-json\/wp\/v2\/pages"}],"about":[{"href":"https:\/\/www.redear.com.br\/loja\/wp-json\/wp\/v2\/types\/page"}],"author":[{"embeddable":true,"href":"https:\/\/www.redear.com.br\/loja\/wp-json\/wp\/v2\/users\/1"}],"replies":[{"embeddable":true,"href":"https:\/\/www.redear.com.br\/loja\/wp-json\/wp\/v2\/comments?post=8"}],"version-history":[{"count":4,"href":"https:\/\/www.redear.com.br\/loja\/wp-json\/wp\/v2\/pages\/8\/revisions"}],"predecessor-version":[{"id":122,"href":"https:\/\/www.redear.com.br\/loja\/wp-json\/wp\/v2\/pages\/8\/revisions\/122"}],"wp:attachment":[{"href":"https:\/\/www.redear.com.br\/loja\/wp-json\/wp\/v2\/media?parent=8"}],"curies":[{"name":"wp","href":"https:\/\/api.w.org\/{rel}","templated":true}]}}