{"id":88,"date":"2023-11-09T18:22:02","date_gmt":"2023-11-09T21:22:02","guid":{"rendered":"https:\/\/www.redear.com.br\/loja\/?page_id=88"},"modified":"2025-07-16T19:15:29","modified_gmt":"2025-07-16T22:15:29","slug":"catalogo","status":"publish","type":"page","link":"https:\/\/www.redear.com.br\/loja\/catalogo\/","title":{"rendered":"Catalogo"},"content":{"rendered":"<h3 class=\"center black alinhamento_center\">Cat\u00e1logo<\/h3>\n<p class=\"alinhamento_center\">Baixe nosso cat\u00e1logo atualizado e confira todos os produtos que trabalhamos.<\/p>\n<p>Abra\u00e7adeira, Adaptador, Agarra, Anel, Antena, Apara Arruela, Batente, Bico, Bombinha, Buzina, Calota, Capa Chassi, Chave, Chicote, Cinem\u00e1tico, Conector, Espelho, Fita, Flange, Flexivel, Frente, Gabarito, Haste, Junta, Kit Lampada, Mangueira, Mola, Painel, Pino, Placa, Porca, Prisioneiro, Prolongador, Refil, Retentor, Rodocalibrador, Sacador, Sextavado, Suporte, Trava, Tubo, V\u00e1lvula e muito mais&#8230;<\/p>\n<h3><a href=\"https:\/\/www.redear.com.br\/loja\/wp-content\/uploads\/2025\/07\/Catalogo-RedeAr-2025-5_compressed.pdf\" target=\"_blank\" rel=\"noopener\">Clique Aqui e Baixe o Catalogo 2025<\/a><\/h3>\n","protected":false},"excerpt":{"rendered":"<p>Cat\u00e1logo Baixe nosso cat\u00e1logo atualizado e confira todos os produtos que trabalhamos. Abra\u00e7adeira, Adaptador, Agarra, Anel, Antena, Apara Arruela, Batente, Bico, Bombinha, Buzina, Calota, Capa Chassi, Chave, Chicote, Cinem\u00e1tico, Conector, Espelho, Fita, Flange, Flexivel, Frente, Gabarito, Haste, Junta, Kit Lampada, Mangueira, Mola, Painel, Pino, Placa, Porca, Prisioneiro, Prolongador, Refil, Retentor, Rodocalibrador, Sacador, Sextavado, Suporte, Trava, [&hellip;]<\/p>\n","protected":false},"author":1,"featured_media":0,"parent":0,"menu_order":0,"comment_status":"closed","ping_status":"closed","template":"","meta":{"footnotes":""},"class_list":["post-88","page","type-page","status-publish","hentry"],"aioseo_notices":[],"jetpack_sharing_enabled":true,"_links":{"self":[{"href":"https:\/\/www.redear.com.br\/loja\/wp-json\/wp\/v2\/pages\/88","targetHints":{"allow":["GET"]}}],"collection":[{"href":"https:\/\/www.redear.com.br\/loja\/wp-json\/wp\/v2\/pages"}],"about":[{"href":"https:\/\/www.redear.com.br\/loja\/wp-json\/wp\/v2\/types\/page"}],"author":[{"embeddable":true,"href":"https:\/\/www.redear.com.br\/loja\/wp-json\/wp\/v2\/users\/1"}],"replies":[{"embeddable":true,"href":"https:\/\/www.redear.com.br\/loja\/wp-json\/wp\/v2\/comments?post=88"}],"version-history":[{"count":6,"href":"https:\/\/www.redear.com.br\/loja\/wp-json\/wp\/v2\/pages\/88\/revisions"}],"predecessor-version":[{"id":4006,"href":"https:\/\/www.redear.com.br\/loja\/wp-json\/wp\/v2\/pages\/88\/revisions\/4006"}],"wp:attachment":[{"href":"https:\/\/www.redear.com.br\/loja\/wp-json\/wp\/v2\/media?parent=88"}],"curies":[{"name":"wp","href":"https:\/\/api.w.org\/{rel}","templated":true}]}}