{"id":90,"date":"2023-11-09T18:23:35","date_gmt":"2023-11-09T21:23:35","guid":{"rendered":"https:\/\/www.redear.com.br\/loja\/?page_id=90"},"modified":"2023-11-09T18:25:25","modified_gmt":"2023-11-09T21:25:25","slug":"seja-um-representante","status":"publish","type":"page","link":"https:\/\/www.redear.com.br\/loja\/seja-um-representante\/","title":{"rendered":"Seja um Representante"},"content":{"rendered":"<p>Seja nosso Representante<\/p>\n<p>Temos representantes em diversas partes do pa\u00eds, seja voc\u00ea tamb\u00e9m&#8230; Entre em contato conosco, informando a sua cidade.<\/p>\n<p><img loading=\"lazy\" decoding=\"async\" class=\"alignnone wp-image-67 size-medium\" src=\"https:\/\/www.redear.com.br\/loja\/wp-content\/uploads\/2023\/11\/Depositphotos_62453345_original-300x200.jpg\" alt=\"\" width=\"300\" height=\"200\" srcset=\"https:\/\/www.redear.com.br\/loja\/wp-content\/uploads\/2023\/11\/Depositphotos_62453345_original-300x200.jpg 300w, https:\/\/www.redear.com.br\/loja\/wp-content\/uploads\/2023\/11\/Depositphotos_62453345_original-1024x682.jpg 1024w, https:\/\/www.redear.com.br\/loja\/wp-content\/uploads\/2023\/11\/Depositphotos_62453345_original-768x512.jpg 768w, https:\/\/www.redear.com.br\/loja\/wp-content\/uploads\/2023\/11\/Depositphotos_62453345_original-1536x1024.jpg 1536w, https:\/\/www.redear.com.br\/loja\/wp-content\/uploads\/2023\/11\/Depositphotos_62453345_original.jpg 2000w\" sizes=\"auto, (max-width: 300px) 100vw, 300px\" \/><\/p>\n<p>&nbsp;<\/p>\n<p>&nbsp;<\/p>\n","protected":false},"excerpt":{"rendered":"<p>Seja nosso Representante Temos representantes em diversas partes do pa\u00eds, seja voc\u00ea tamb\u00e9m&#8230; Entre em contato conosco, informando a sua cidade. &nbsp; &nbsp;<\/p>\n","protected":false},"author":1,"featured_media":67,"parent":0,"menu_order":0,"comment_status":"closed","ping_status":"closed","template":"","meta":{"footnotes":""},"class_list":["post-90","page","type-page","status-publish","has-post-thumbnail","hentry"],"aioseo_notices":[],"jetpack_sharing_enabled":true,"_links":{"self":[{"href":"https:\/\/www.redear.com.br\/loja\/wp-json\/wp\/v2\/pages\/90","targetHints":{"allow":["GET"]}}],"collection":[{"href":"https:\/\/www.redear.com.br\/loja\/wp-json\/wp\/v2\/pages"}],"about":[{"href":"https:\/\/www.redear.com.br\/loja\/wp-json\/wp\/v2\/types\/page"}],"author":[{"embeddable":true,"href":"https:\/\/www.redear.com.br\/loja\/wp-json\/wp\/v2\/users\/1"}],"replies":[{"embeddable":true,"href":"https:\/\/www.redear.com.br\/loja\/wp-json\/wp\/v2\/comments?post=90"}],"version-history":[{"count":3,"href":"https:\/\/www.redear.com.br\/loja\/wp-json\/wp\/v2\/pages\/90\/revisions"}],"predecessor-version":[{"id":93,"href":"https:\/\/www.redear.com.br\/loja\/wp-json\/wp\/v2\/pages\/90\/revisions\/93"}],"wp:featuredmedia":[{"embeddable":true,"href":"https:\/\/www.redear.com.br\/loja\/wp-json\/wp\/v2\/media\/67"}],"wp:attachment":[{"href":"https:\/\/www.redear.com.br\/loja\/wp-json\/wp\/v2\/media?parent=90"}],"curies":[{"name":"wp","href":"https:\/\/api.w.org\/{rel}","templated":true}]}}